{"id":5450,"date":"2019-09-23T14:40:48","date_gmt":"2019-09-23T12:40:48","guid":{"rendered":"https:\/\/www.monnier-zahner.ch\/impressum\/"},"modified":"2021-01-05T12:14:09","modified_gmt":"2021-01-05T11:14:09","slug":"impressum","status":"publish","type":"page","link":"https:\/\/www.monnier-zahner.ch\/zh-hans\/impressum\/","title":{"rendered":"Impressum"},"content":{"rendered":"<section class=\"l-section wpb_row height_medium\"><div class=\"l-section-h i-cf\"><div class=\"g-cols vc_row via_flex valign_top type_default stacking_default\"><div class=\"vc_col-sm-12 wpb_column vc_column_container\"><div class=\"vc_column-inner\"><div class=\"wpb_wrapper\"><div class=\"wpb_text_column\"><div class=\"wpb_wrapper\"><h1>Impressum<\/h1>\n<p>&nbsp;<\/p>\n<div id=\"main-container\">\n<div id=\"main-content\">\n<article>\n<p>Monnier + Zahner AG<br \/>Hauptstrasse 115<br \/>CH-2553 Safnern<br \/><a href=\"mailto:info@monnier-zahner.ch\">info@monnier-zahner.ch<\/a><br \/><i class=\"fa fa-phone fa-fw\"><\/i><a href=\"tel:+41323560370\"> +41 32 356 03 70<\/a><\/p>\n<h2>Handelsregistereintrag<\/h2>\n<p>MZ: CH-073.3.001.661-1<br \/>LW: CH-073.3.017.999-5<br \/>Handelsregisteramt Kanton Bern<\/p>\n<h2>Mehrwehrtsteuernummer und ZAZ-Konto<\/h2>\n<p>MZ: CHE-101.942.170 MWST<br \/>LW: CHE-113.716.858 MWST<\/p>\n<p>Zollkonto MZ: 27694<\/p>\n<h2>Haftungsausschluss<\/h2>\n<p>Alle Inhalte unserer Website werden regelm\u00e4ssig auf ordnungsgem\u00e4\u00dfe Wiedergabe gepr\u00fcft und aktualisiert.<\/p>\n<p>Die Monnier + Zahner AG \u00fcbernimmt keine Haftung f\u00fcr Sch\u00e4den jeglicher Art, welche f\u00fcr den Nutzer im Zusammenhang mit dieser Webseite entstanden sind.<\/p>\n<p>Die Monnier + Zahner AG beh\u00e4lt es sich vor, die Webseite ohne Ank\u00fcndigung zu \u00e4ndern oder deren Ver\u00f6ffentlichung zeitweise oder endg\u00fcltig einzustellen.<\/p>\n<h3>Rechtswirksamkeit des Gew\u00e4hrleistungsauschlusses und der Haftungsbeschr\u00e4nkung<\/h3>\n<p>Sofern Teile dieser Erkl\u00e4rungen der geltenden Rechtslage nicht oder nicht mehr vollst\u00e4ndig entsprechen, bleiben die \u00fcbrigen Teile dieser Erkl\u00e4rung davon unber\u00fchrt.<\/p>\n<h2>Urheberrechte<\/h2>\n<p>Alle Rechte an den Inhalten liegen bei der Monnier + Zahner AG. Diese Webseite der Monnier + Zahner AG ist urheberrechtlich gesch\u00fctzt. Alle Rechte sind vorbehalten.<\/p>\n<p>Das Herunterladen und Speichern einzelner Seiten ist erlaubt. Bei dauerhafter Nutzung und Reproduktion (z. B. Vervielf\u00e4ltigung, \u00dcbersetzung oder die Verwendung in elektronischen Systemen) der Inhalte (z. B. von Text-, Bild- und Filmmaterial, auch auszugsweise) ist unsere schriftliche Zustimmung erforderlich. Bitte setzen Sie sich f\u00fcr Anfragen mit uns in Verbindung.<\/p>\n<h2>Datenschutz<\/h2>\n<p>Gest\u00fctzt auf Artikel 13 der schweizerischen Bundesverfassung und die datenschutzrechtlichen Bestimmungen des Bundes (Datenschutzgesetz, DSG) hat jede Person Anspruch auf Schutz ihrer Privatsph\u00e4re sowie auf Schutz vor Missbrauch ihrer pers\u00f6nlichen Daten. Wir halten diese Bestimmungen ein. Pers\u00f6nliche Daten werden streng vertraulich behandelt und weder an Dritte verkauft noch weiter gegeben.<\/p>\n<p>In enger Zusammenarbeit mit unserem Hosting-Partner bem\u00fchen wir uns, die Datenbanken so gut wie m\u00f6glich vor fremden Zugriffen, Verlusten, Missbrauch oder vor F\u00e4lschung zu sch\u00fctzen.<\/p>\n<h3>Verwendung von Google Analytics<\/h3>\n<p>Diese Website benutzt Google Analytics, einen Webanalysedienst der Google Inc. (Google). Google Analytics verwendet sog. Cookies, Textdateien, die auf Ihrem Computer gespeichert werden und die eine Analyse der Benutzung der Website durch Sie erm\u00f6glicht. Die durch den Cookie erzeugten Informationen \u00fcber Ihre Benutzung diese Website (einschliesslich Ihrer IP-Adresse) wird an einen Server von Google in den USA \u00fcbertragen und dort gespeichert. Google wird diese Informationen benutzen, um Ihre Nutzung der Website auszuwerten, um Reports \u00fcber die Websiteaktivit\u00e4ten f\u00fcr die Websitebetreiber zusammenzustellen und um weitere mit der Websitenutzung und der Internetnutzung verbundene Dienstleistungen zu erbringen. Auch wird Google diese Informationen gegebenenfalls an Dritte \u00fcbertragen, sofern dies gesetzlich vorgeschrieben oder soweit Dritte diese Daten im Auftrag von Google verarbeiten. Google wird in keinem Fall Ihre IP-Adresse mit anderen Daten der Google in Verbindung bringen. Sie k\u00f6nnen die Installation der Cookies durch eine entsprechende Einstellung Ihrer Browser Software verhindern; wir weisen Sie jedoch darauf hin, dass Sie in diesem Fall gegebenenfalls nicht s\u00e4mtliche Funktionen dieser Website voll umf\u00e4nglich nutzen k\u00f6nnen. Durch die Nutzung dieser Website erkl\u00e4ren Sie sich mit der Bearbeitung der \u00fcber Sie erhobenen Daten durch Google in der zuvor beschriebenen Art und Weise und zu dem zuvor benannten Zweck einverstanden.<\/p>\n<\/article>\n<\/div>\n<\/div>\n<p>&nbsp;<\/p>\n<\/div><\/div><\/div><\/div><\/div><\/div><\/div><\/section>","protected":false},"excerpt":{"rendered":"Impressum &nbsp; Monnier + Zahner AGHauptstrasse 115CH-...","protected":false},"author":1,"featured_media":0,"parent":0,"menu_order":0,"comment_status":"closed","ping_status":"closed","template":"","meta":[],"_links":{"self":[{"href":"https:\/\/www.monnier-zahner.ch\/zh-hans\/wp-json\/wp\/v2\/pages\/5450"}],"collection":[{"href":"https:\/\/www.monnier-zahner.ch\/zh-hans\/wp-json\/wp\/v2\/pages"}],"about":[{"href":"https:\/\/www.monnier-zahner.ch\/zh-hans\/wp-json\/wp\/v2\/types\/page"}],"author":[{"embeddable":true,"href":"https:\/\/www.monnier-zahner.ch\/zh-hans\/wp-json\/wp\/v2\/users\/1"}],"replies":[{"embeddable":true,"href":"https:\/\/www.monnier-zahner.ch\/zh-hans\/wp-json\/wp\/v2\/comments?post=5450"}],"version-history":[{"count":3,"href":"https:\/\/www.monnier-zahner.ch\/zh-hans\/wp-json\/wp\/v2\/pages\/5450\/revisions"}],"predecessor-version":[{"id":5925,"href":"https:\/\/www.monnier-zahner.ch\/zh-hans\/wp-json\/wp\/v2\/pages\/5450\/revisions\/5925"}],"wp:attachment":[{"href":"https:\/\/www.monnier-zahner.ch\/zh-hans\/wp-json\/wp\/v2\/media?parent=5450"}],"curies":[{"name":"wp","href":"https:\/\/api.w.org\/{rel}","templated":true}]}}