{"id":4349,"date":"2019-11-14T08:27:40","date_gmt":"2019-11-14T07:27:40","guid":{"rendered":"https:\/\/www.monnier-zahner.ch\/stellenangebote\/"},"modified":"2021-02-12T14:03:14","modified_gmt":"2021-02-12T13:03:14","slug":"stellenangebote","status":"publish","type":"page","link":"https:\/\/www.monnier-zahner.ch\/en\/karriere\/stellenangebote\/","title":{"rendered":"Vacancies"},"content":{"rendered":"<section class=\"l-section wpb_row height_medium\"><div class=\"l-section-h i-cf\"><div class=\"g-cols vc_row via_flex valign_top type_default stacking_default\"><div class=\"vc_col-sm-12 wpb_column vc_column_container\"><div class=\"vc_column-inner\"><div class=\"wpb_wrapper\"><h1 class=\"w-post-elm post_title entry-title color_link_inherit\">Vacancies<\/h1><div class=\"wpb_text_column\"><div class=\"wpb_wrapper\"><p>Monnier + Zahner ist ein international t\u00e4tiges Maschinenbauunternehmen im Seeland. Seit 1964 entwickeln, bauen und vertreiben wir weltweit innovative Werkzeugmaschinen f\u00fcr die Automobil-, Medizinal-, Dental- und Uhrenindustrie. Um unserer Kundschaft massgeschneiderte L\u00f6sungen f\u00fcr ihre individuellen Anforderungen bieten zu k\u00f6nnen, entwickeln wir uns technisch laufend weiter und arbeiten mit neusten Technologien.<\/p>\n<\/div><\/div><\/div><\/div><\/div><\/div><\/div><\/section><section class=\"l-section wpb_row height_medium\"><div class=\"l-section-h i-cf\"><div class=\"g-cols vc_row via_flex valign_top type_default stacking_default\"><div class=\"vc_col-sm-12 wpb_column vc_column_container\"><div class=\"vc_column-inner\"><div class=\"wpb_wrapper\"><\/div><\/div><\/div><\/div><\/div><\/section>\n","protected":false},"excerpt":{"rendered":"VacanciesMonnier + Zahner ist ein international t\u00e4tiges Maschinenbauunternehmen im Seeland. Seit 1964 entwickeln, bauen und vertreiben wir weltweit innovative Werkzeugmaschinen f\u00fcr die Automobil-, Medizinal-, Dental- und Uhrenindustrie. Um unserer Kundschaft massgeschneiderte L\u00f6sungen f\u00fcr ihre individuellen Anforderungen bieten zu k\u00f6nnen, entwickeln wir uns technisch laufend weiter und arbeiten mit neusten Technologien.","protected":false},"author":1,"featured_media":0,"parent":4360,"menu_order":0,"comment_status":"closed","ping_status":"closed","template":"","meta":[],"_links":{"self":[{"href":"https:\/\/www.monnier-zahner.ch\/en\/wp-json\/wp\/v2\/pages\/4349"}],"collection":[{"href":"https:\/\/www.monnier-zahner.ch\/en\/wp-json\/wp\/v2\/pages"}],"about":[{"href":"https:\/\/www.monnier-zahner.ch\/en\/wp-json\/wp\/v2\/types\/page"}],"author":[{"embeddable":true,"href":"https:\/\/www.monnier-zahner.ch\/en\/wp-json\/wp\/v2\/users\/1"}],"replies":[{"embeddable":true,"href":"https:\/\/www.monnier-zahner.ch\/en\/wp-json\/wp\/v2\/comments?post=4349"}],"version-history":[{"count":4,"href":"https:\/\/www.monnier-zahner.ch\/en\/wp-json\/wp\/v2\/pages\/4349\/revisions"}],"predecessor-version":[{"id":6043,"href":"https:\/\/www.monnier-zahner.ch\/en\/wp-json\/wp\/v2\/pages\/4349\/revisions\/6043"}],"up":[{"embeddable":true,"href":"https:\/\/www.monnier-zahner.ch\/en\/wp-json\/wp\/v2\/pages\/4360"}],"wp:attachment":[{"href":"https:\/\/www.monnier-zahner.ch\/en\/wp-json\/wp\/v2\/media?parent=4349"}],"curies":[{"name":"wp","href":"https:\/\/api.w.org\/{rel}","templated":true}]}}